{"id":925,"date":"2022-06-10T08:00:20","date_gmt":"2022-06-10T06:00:20","guid":{"rendered":"https:\/\/www.martinsbrunn.it\/?page_id=925"},"modified":"2022-12-07T18:16:10","modified_gmt":"2022-12-07T17:16:10","slug":"colophon-privacy","status":"publish","type":"page","link":"https:\/\/www.martinsbrunn.it\/it\/colophon-privacy\/","title":{"rendered":"Colophon"},"content":{"rendered":"<div  class='flex_column av-lb9lp-6b3eadc86a5aeed7b5d6379ab9c152d8 av_one_half  avia-builder-el-0  el_before_av_one_half  avia-builder-el-first  first flex_column_div  '     ><section  class='av_textblock_section av-kyd60tzr-ab367ca67a7886628cb4520c968c3c20 '   itemscope=\"itemscope\" itemtype=\"https:\/\/schema.org\/CreativeWork\" ><div class='avia_textblock'  itemprop=\"text\" ><p><strong>Martinsbrunn \u2013 Fondazione S. Elisabetta<\/strong><br \/>\nCasa di Cura e Residenza per anziani<br \/>\nVia Laurin 70 &#8211; 39012 Merano<br \/>\nT <a href=\"tel:\/\/00390473205700\" target=\"_blank\" rel=\"noopener\">+39 0473 205 700<\/a><br \/>\n<a href=\"mailto:info@martinsbrunn.it\">info@martinsbrunn.it<\/a><br \/>\n<a href=\"https:\/\/www.martinsbrunn.it\">www.martinsbrunn.it<\/a><\/p>\n<p>Part. IVA 02651810216<br \/>\nCodice Destinatario: 4RRD13O<\/p>\n<\/div><\/section><\/div>\n<div  class='flex_column av-gyp11-a1bc2457c52ce62d58b15fa20e9b3571 av_one_half  avia-builder-el-2  el_after_av_one_half  el_before_av_hr  flex_column_div  '     ><section  class='av_textblock_section av-kyd61y32-db9bf109ba0fed92b67ef9e4c98c3956 '   itemscope=\"itemscope\" itemtype=\"https:\/\/schema.org\/CreativeWork\" ><div class='avia_textblock'  itemprop=\"text\" ><p><strong>Sede legale:<\/strong><br \/>\nVia Cologna 1, 39100 Bolzano<br \/>\nT <a href=\"tel:\/\/00390471097100\">+39 0471 097100<\/a><br \/>\nF <a href=\"tel:\/\/00390471097199\">+39 0471 097199<\/a><br \/>\n<a href=\"mailto:info@stiftung-st-elisabeth.it\">info@stiftung-st-elisabeth.it<\/a><\/p>\n<p>Rappresentante legale: Christian Klotzner<br \/>\nResponsabile per contenuti e diritti di stampa: Fondazione S. Elisabetta<br \/>\nCopyright: \u00a9 2022 <a href=\"https:\/\/www.stiftung-st-elisabeth.it\/it\/\" target=\"_blank\" rel=\"noopener\">Fondazione S. Elisabetta<\/a><\/p>\n<\/div><\/section><\/div>\n\n<style type=\"text\/css\" data-created_by=\"avia_inline_auto\" id=\"style-css-av-kyd6g2a8-8cd8ee326cf1b42775a872ae858915d6\">\n#top .hr.hr-invisible.av-kyd6g2a8-8cd8ee326cf1b42775a872ae858915d6{\nheight:20px;\n}\n<\/style>\n<div  class='hr av-kyd6g2a8-8cd8ee326cf1b42775a872ae858915d6 hr-invisible  avia-builder-el-4  el_after_av_one_half  el_before_av_section  avia-builder-el-last '><span class='hr-inner '><span class=\"hr-inner-style\"><\/span><\/span><\/div>\n<\/div><\/div><\/div><!-- close content main div --><\/div><\/div>\n<style type=\"text\/css\" data-created_by=\"avia_inline_auto\" id=\"style-css-av-lbdwvtmu-d89ade55facb1e29fe1668aee1070bb5\">\n.avia-section.av-lbdwvtmu-d89ade55facb1e29fe1668aee1070bb5{\nbackground-color:#e8e8e8;\nbackground-image:unset;\n}\n<\/style>\n<div id='av_section_1'  class='avia-section av-lbdwvtmu-d89ade55facb1e29fe1668aee1070bb5 main_color avia-section-default avia-no-border-styling  avia-builder-el-5  el_after_av_hr  avia-builder-el-last  avia-bg-style-scroll container_wrap fullsize'  ><div class='container av-section-cont-open' ><div class='template-page content  av-content-full alpha units'><div class='post-entry post-entry-type-page post-entry-925'><div class='entry-content-wrapper clearfix'>\n<section  class='av_textblock_section av-lbdwvzsy-73db01a09726f9482bcfaadf1c880d06 '   itemscope=\"itemscope\" itemtype=\"https:\/\/schema.org\/CreativeWork\" ><div class='avia_textblock'  itemprop=\"text\" ><p><strong>Concetto &amp; Design:<\/strong><br \/>\nandale grafic snc. d. Ortner A. &amp; Duschek P.<br \/>\nI-39012 MERANO (BZ) &#8211; vicolo Passiria, 2\/A<br \/>\nTel. <a href=\"tel:\/\/00390473690989\">+39 0473 690989<\/a><br \/>\nEmail:\u00a0<a href=\"mailto:office@andale.info\">office[at]andale.info<\/a><br \/>\nWeb:\u00a0<a href=\"https:\/\/andale.info\/\" target=\"_blank\" rel=\"noopener\">andale.info<\/a><\/p>\n<p><strong>Amministrazione Trasparente<\/strong><br \/>\n<a href=\"https:\/\/www.martinsbrunn.it\/it\/amministrazione-trasparente\/\" target=\"_blank\" rel=\"noopener\">Pubblicazione a.s. della Legge 4.8.2017 n. 124, art. 1, comma 125-129<\/a><\/p>\n<p><strong>Indicazioni<\/strong><br \/>\nPer motivi di leggibilit\u00e0 del testo si \u00e8 deciso di usare la forma maschile in questo documento. La forma femminile \u00e8 evidentemente sempre inclusa.<\/p>\n<p><strong>1. Contenuto<\/strong><br \/>\nI contenuti e le informazioni presenti su questo sito Web sono stati da noi accuratamente controllati. Ci\u00f2 nonostante non ci assumiamo alcuna responsabilit\u00e0 n\u00e9 forniamo garanzie circa la loro esattezza e completezza. Ci riserviamo il diritto di aggiornare, modificare o integrare senza preavviso le informazioni messe a disposizione.<\/p>\n<p><strong>2. Rimandi e link<\/strong><br \/>\nNon ci assumiamo alcuna responsabilit\u00e0 per i contenuti dei link esterni. La responsabilit\u00e0 per il contenuto delle pagine visitabili tramite i link \u00e8 esclusivamente dei gestori delle pagine.<\/p>\n<p><strong>3. Copyright (diritto d\u2019autore e dei segni distintivi)<\/strong><br \/>\nIl contenuto di questo sito Web \u00e8 protetto da copyright e non pu\u00f2 essere riprodotto o utilizzato in altre pubblicazioni stampate o elettroniche senza la nostra espressa autorizzazione.<\/p>\n<p><strong>4. Validit\u00e0 giuridica<\/strong><br \/>\nQualora parti o singole formulazioni del presente testo non corrispondano, non corrispondano pi\u00f9 o non corrispondano integralmente alla vigente situazione giuridica, restano comunque immutati il contenuto e la validit\u00e0 delle altre parti del documento. Dall\u2019uso del sito Web non deriva alcun diritto n\u00e9 alcun contratto. Le controversie giuridiche sono risolte presso il Tribunale per noi competente.<\/p>\n<p>5. <strong>FONTE IMMAGINI:<\/strong><br \/>\nIcons: <a href=\"http:\/\/www.flaticon.com\/\" target=\"_blank\" rel=\"noopener\">Flaticon<\/a><\/p>\n<\/div><\/section>\n\n","protected":false},"excerpt":{"rendered":"","protected":false},"author":1,"featured_media":1289,"parent":0,"menu_order":0,"comment_status":"closed","ping_status":"closed","template":"","meta":{"footnotes":""},"class_list":["post-925","page","type-page","status-publish","has-post-thumbnail","hentry"],"yoast_head":"<!-- This site is optimized with the Yoast SEO Premium plugin v27.3 (Yoast SEO v27.3) - https:\/\/yoast.com\/product\/yoast-seo-premium-wordpress\/ -->\n<title>Colophon - Martinsbrunn ParkClinic<\/title>\n<meta name=\"description\" content=\"Colophon: Martinsbrunn \u2013 Fondazione S. Elisabetta - via Laurin, 70 \u2013 39012 Merano - T +39 0473 205 700 - E info@martinsbrunn.it\" \/>\n<meta name=\"robots\" content=\"index, follow, max-snippet:-1, max-image-preview:large, max-video-preview:-1\" \/>\n<link rel=\"canonical\" href=\"https:\/\/www.martinsbrunn.it\/it\/colophon-privacy\/\" \/>\n<meta property=\"og:locale\" content=\"it_IT\" \/>\n<meta property=\"og:type\" content=\"article\" \/>\n<meta property=\"og:title\" content=\"Colophon\" \/>\n<meta property=\"og:description\" content=\"Colophon: Martinsbrunn \u2013 Fondazione S. Elisabetta - via Laurin, 70 \u2013 39012 Merano - T +39 0473 205 700 - E info@martinsbrunn.it\" \/>\n<meta property=\"og:url\" content=\"https:\/\/www.martinsbrunn.it\/it\/colophon-privacy\/\" \/>\n<meta property=\"og:site_name\" content=\"Martinsbrunn ParkClinic\" \/>\n<meta property=\"article:publisher\" content=\"https:\/\/www.facebook.com\/martinsbrunn.parkclinic\" \/>\n<meta property=\"article:modified_time\" content=\"2022-12-07T17:16:10+00:00\" \/>\n<meta property=\"og:image\" content=\"https:\/\/www.martinsbrunn.it\/wp-content\/uploads\/2022\/06\/martinsbrunn_logo-credits.png\" \/>\n\t<meta property=\"og:image:width\" content=\"1030\" \/>\n\t<meta property=\"og:image:height\" content=\"687\" \/>\n\t<meta property=\"og:image:type\" content=\"image\/png\" \/>\n<meta name=\"twitter:card\" content=\"summary_large_image\" \/>\n<script type=\"application\/ld+json\" class=\"yoast-schema-graph\">{\"@context\":\"https:\\\/\\\/schema.org\",\"@graph\":[{\"@type\":\"WebPage\",\"@id\":\"https:\\\/\\\/www.martinsbrunn.it\\\/it\\\/colophon-privacy\\\/\",\"url\":\"https:\\\/\\\/www.martinsbrunn.it\\\/it\\\/colophon-privacy\\\/\",\"name\":\"Colophon - Martinsbrunn ParkClinic\",\"isPartOf\":{\"@id\":\"https:\\\/\\\/www.martinsbrunn.it\\\/it\\\/#website\"},\"primaryImageOfPage\":{\"@id\":\"https:\\\/\\\/www.martinsbrunn.it\\\/it\\\/colophon-privacy\\\/#primaryimage\"},\"image\":{\"@id\":\"https:\\\/\\\/www.martinsbrunn.it\\\/it\\\/colophon-privacy\\\/#primaryimage\"},\"thumbnailUrl\":\"https:\\\/\\\/www.martinsbrunn.it\\\/wp-content\\\/uploads\\\/2022\\\/06\\\/martinsbrunn_logo-credits.png\",\"datePublished\":\"2022-06-10T06:00:20+00:00\",\"dateModified\":\"2022-12-07T17:16:10+00:00\",\"description\":\"Colophon: Martinsbrunn \u2013 Fondazione S. Elisabetta - via Laurin, 70 \u2013 39012 Merano - T +39 0473 205 700 - E info@martinsbrunn.it\",\"breadcrumb\":{\"@id\":\"https:\\\/\\\/www.martinsbrunn.it\\\/it\\\/colophon-privacy\\\/#breadcrumb\"},\"inLanguage\":\"it-IT\",\"potentialAction\":[{\"@type\":\"ReadAction\",\"target\":[\"https:\\\/\\\/www.martinsbrunn.it\\\/it\\\/colophon-privacy\\\/\"]}]},{\"@type\":\"ImageObject\",\"inLanguage\":\"it-IT\",\"@id\":\"https:\\\/\\\/www.martinsbrunn.it\\\/it\\\/colophon-privacy\\\/#primaryimage\",\"url\":\"https:\\\/\\\/www.martinsbrunn.it\\\/wp-content\\\/uploads\\\/2022\\\/06\\\/martinsbrunn_logo-credits.png\",\"contentUrl\":\"https:\\\/\\\/www.martinsbrunn.it\\\/wp-content\\\/uploads\\\/2022\\\/06\\\/martinsbrunn_logo-credits.png\",\"width\":1030,\"height\":687,\"caption\":\"parkclinic colophon Amministrazione trasparente martinsbrunn merano marienklinik bolzano\"},{\"@type\":\"BreadcrumbList\",\"@id\":\"https:\\\/\\\/www.martinsbrunn.it\\\/it\\\/colophon-privacy\\\/#breadcrumb\",\"itemListElement\":[{\"@type\":\"ListItem\",\"position\":1,\"name\":\"Startseite\",\"item\":\"https:\\\/\\\/www.martinsbrunn.it\\\/it\\\/parkclinic\\\/\"},{\"@type\":\"ListItem\",\"position\":2,\"name\":\"Colophon\"}]},{\"@type\":\"WebSite\",\"@id\":\"https:\\\/\\\/www.martinsbrunn.it\\\/it\\\/#website\",\"url\":\"https:\\\/\\\/www.martinsbrunn.it\\\/it\\\/\",\"name\":\"Martinsbrunn ParkClinic\",\"description\":\"ParkClinic | Palliative Care | Residenza per anziani\",\"publisher\":{\"@id\":\"https:\\\/\\\/www.martinsbrunn.it\\\/it\\\/#organization\"},\"potentialAction\":[{\"@type\":\"SearchAction\",\"target\":{\"@type\":\"EntryPoint\",\"urlTemplate\":\"https:\\\/\\\/www.martinsbrunn.it\\\/it\\\/?s={search_term_string}\"},\"query-input\":{\"@type\":\"PropertyValueSpecification\",\"valueRequired\":true,\"valueName\":\"search_term_string\"}}],\"inLanguage\":\"it-IT\"},{\"@type\":\"Organization\",\"@id\":\"https:\\\/\\\/www.martinsbrunn.it\\\/it\\\/#organization\",\"name\":\"Martinsbrunn ParkClinic\",\"url\":\"https:\\\/\\\/www.martinsbrunn.it\\\/it\\\/\",\"logo\":{\"@type\":\"ImageObject\",\"inLanguage\":\"it-IT\",\"@id\":\"https:\\\/\\\/www.martinsbrunn.it\\\/it\\\/#\\\/schema\\\/logo\\\/image\\\/\",\"url\":\"https:\\\/\\\/www.martinsbrunn.it\\\/wp-content\\\/uploads\\\/2022\\\/06\\\/martinsbrunn_logo-credits.png\",\"contentUrl\":\"https:\\\/\\\/www.martinsbrunn.it\\\/wp-content\\\/uploads\\\/2022\\\/06\\\/martinsbrunn_logo-credits.png\",\"width\":1030,\"height\":687,\"caption\":\"Martinsbrunn ParkClinic\"},\"image\":{\"@id\":\"https:\\\/\\\/www.martinsbrunn.it\\\/it\\\/#\\\/schema\\\/logo\\\/image\\\/\"},\"sameAs\":[\"https:\\\/\\\/www.facebook.com\\\/martinsbrunn.parkclinic\",\"https:\\\/\\\/www.instagram.com\\\/martinsbrunn.parkclinic\\\/\"]}]}<\/script>\n<!-- \/ Yoast SEO Premium plugin. -->","yoast_head_json":{"title":"Colophon - Martinsbrunn ParkClinic","description":"Colophon: Martinsbrunn \u2013 Fondazione S. Elisabetta - via Laurin, 70 \u2013 39012 Merano - T +39 0473 205 700 - E info@martinsbrunn.it","robots":{"index":"index","follow":"follow","max-snippet":"max-snippet:-1","max-image-preview":"max-image-preview:large","max-video-preview":"max-video-preview:-1"},"canonical":"https:\/\/www.martinsbrunn.it\/it\/colophon-privacy\/","og_locale":"it_IT","og_type":"article","og_title":"Colophon","og_description":"Colophon: Martinsbrunn \u2013 Fondazione S. Elisabetta - via Laurin, 70 \u2013 39012 Merano - T +39 0473 205 700 - E info@martinsbrunn.it","og_url":"https:\/\/www.martinsbrunn.it\/it\/colophon-privacy\/","og_site_name":"Martinsbrunn ParkClinic","article_publisher":"https:\/\/www.facebook.com\/martinsbrunn.parkclinic","article_modified_time":"2022-12-07T17:16:10+00:00","og_image":[{"width":1030,"height":687,"url":"https:\/\/www.martinsbrunn.it\/wp-content\/uploads\/2022\/06\/martinsbrunn_logo-credits.png","type":"image\/png"}],"twitter_card":"summary_large_image","schema":{"@context":"https:\/\/schema.org","@graph":[{"@type":"WebPage","@id":"https:\/\/www.martinsbrunn.it\/it\/colophon-privacy\/","url":"https:\/\/www.martinsbrunn.it\/it\/colophon-privacy\/","name":"Colophon - Martinsbrunn ParkClinic","isPartOf":{"@id":"https:\/\/www.martinsbrunn.it\/it\/#website"},"primaryImageOfPage":{"@id":"https:\/\/www.martinsbrunn.it\/it\/colophon-privacy\/#primaryimage"},"image":{"@id":"https:\/\/www.martinsbrunn.it\/it\/colophon-privacy\/#primaryimage"},"thumbnailUrl":"https:\/\/www.martinsbrunn.it\/wp-content\/uploads\/2022\/06\/martinsbrunn_logo-credits.png","datePublished":"2022-06-10T06:00:20+00:00","dateModified":"2022-12-07T17:16:10+00:00","description":"Colophon: Martinsbrunn \u2013 Fondazione S. Elisabetta - via Laurin, 70 \u2013 39012 Merano - T +39 0473 205 700 - E info@martinsbrunn.it","breadcrumb":{"@id":"https:\/\/www.martinsbrunn.it\/it\/colophon-privacy\/#breadcrumb"},"inLanguage":"it-IT","potentialAction":[{"@type":"ReadAction","target":["https:\/\/www.martinsbrunn.it\/it\/colophon-privacy\/"]}]},{"@type":"ImageObject","inLanguage":"it-IT","@id":"https:\/\/www.martinsbrunn.it\/it\/colophon-privacy\/#primaryimage","url":"https:\/\/www.martinsbrunn.it\/wp-content\/uploads\/2022\/06\/martinsbrunn_logo-credits.png","contentUrl":"https:\/\/www.martinsbrunn.it\/wp-content\/uploads\/2022\/06\/martinsbrunn_logo-credits.png","width":1030,"height":687,"caption":"parkclinic colophon Amministrazione trasparente martinsbrunn merano marienklinik bolzano"},{"@type":"BreadcrumbList","@id":"https:\/\/www.martinsbrunn.it\/it\/colophon-privacy\/#breadcrumb","itemListElement":[{"@type":"ListItem","position":1,"name":"Startseite","item":"https:\/\/www.martinsbrunn.it\/it\/parkclinic\/"},{"@type":"ListItem","position":2,"name":"Colophon"}]},{"@type":"WebSite","@id":"https:\/\/www.martinsbrunn.it\/it\/#website","url":"https:\/\/www.martinsbrunn.it\/it\/","name":"Martinsbrunn ParkClinic","description":"ParkClinic | Palliative Care | Residenza per anziani","publisher":{"@id":"https:\/\/www.martinsbrunn.it\/it\/#organization"},"potentialAction":[{"@type":"SearchAction","target":{"@type":"EntryPoint","urlTemplate":"https:\/\/www.martinsbrunn.it\/it\/?s={search_term_string}"},"query-input":{"@type":"PropertyValueSpecification","valueRequired":true,"valueName":"search_term_string"}}],"inLanguage":"it-IT"},{"@type":"Organization","@id":"https:\/\/www.martinsbrunn.it\/it\/#organization","name":"Martinsbrunn ParkClinic","url":"https:\/\/www.martinsbrunn.it\/it\/","logo":{"@type":"ImageObject","inLanguage":"it-IT","@id":"https:\/\/www.martinsbrunn.it\/it\/#\/schema\/logo\/image\/","url":"https:\/\/www.martinsbrunn.it\/wp-content\/uploads\/2022\/06\/martinsbrunn_logo-credits.png","contentUrl":"https:\/\/www.martinsbrunn.it\/wp-content\/uploads\/2022\/06\/martinsbrunn_logo-credits.png","width":1030,"height":687,"caption":"Martinsbrunn ParkClinic"},"image":{"@id":"https:\/\/www.martinsbrunn.it\/it\/#\/schema\/logo\/image\/"},"sameAs":["https:\/\/www.facebook.com\/martinsbrunn.parkclinic","https:\/\/www.instagram.com\/martinsbrunn.parkclinic\/"]}]}},"_links":{"self":[{"href":"https:\/\/www.martinsbrunn.it\/it\/wp-json\/wp\/v2\/pages\/925","targetHints":{"allow":["GET"]}}],"collection":[{"href":"https:\/\/www.martinsbrunn.it\/it\/wp-json\/wp\/v2\/pages"}],"about":[{"href":"https:\/\/www.martinsbrunn.it\/it\/wp-json\/wp\/v2\/types\/page"}],"author":[{"embeddable":true,"href":"https:\/\/www.martinsbrunn.it\/it\/wp-json\/wp\/v2\/users\/1"}],"replies":[{"embeddable":true,"href":"https:\/\/www.martinsbrunn.it\/it\/wp-json\/wp\/v2\/comments?post=925"}],"version-history":[{"count":0,"href":"https:\/\/www.martinsbrunn.it\/it\/wp-json\/wp\/v2\/pages\/925\/revisions"}],"wp:featuredmedia":[{"embeddable":true,"href":"https:\/\/www.martinsbrunn.it\/it\/wp-json\/wp\/v2\/media\/1289"}],"wp:attachment":[{"href":"https:\/\/www.martinsbrunn.it\/it\/wp-json\/wp\/v2\/media?parent=925"}],"curies":[{"name":"wp","href":"https:\/\/api.w.org\/{rel}","templated":true}]}}